{"id":61,"date":"2023-05-10T01:11:11","date_gmt":"2023-05-10T01:11:11","guid":{"rendered":"https:\/\/nonamecompany.net\/?page_id=61"},"modified":"2023-05-11T08:26:34","modified_gmt":"2023-05-11T08:26:34","slug":"microsoft365","status":"publish","type":"page","link":"https:\/\/www.nonamecompany.net\/?page_id=61","title":{"rendered":"Microsoft365"},"content":{"rendered":"\n<p>Chez NNC, nous proposons \u00e0 nos clients de g\u00e9rer leur infrastructure Microsoft 365 en leur fournissant un support complet pour l&#8217;ensemble de la suite Office et de SharePoint. Nous offrons \u00e9galement des forfaits de support en option pour r\u00e9pondre aux besoins de nos clients en mati\u00e8re de maintenance et d&#8217;intervention, adapt\u00e9s \u00e0 leur budget et \u00e0 leurs exigences sp\u00e9cifiques. <\/p>\n\n\n\n<p>Pour plus de d\u00e9tails sur la gestion de l&#8217;infrastructure IT, notamment sur la maintenance d&#8217;une infrastructure comme une DFS (serveur de fichier) sur SharePoint, veuillez consulter notre page &#8220;Infrastructure IT&#8221;.<\/p>\n","protected":false},"excerpt":{"rendered":"<p>Chez NNC, nous proposons \u00e0 nos clients de g\u00e9rer leur infrastructure Microsoft 365 en leur fournissant un support complet pour l&#8217;ensemble de la suite Office et de SharePoint. Nous offrons \u00e9galement des forfaits de support en option pour r\u00e9pondre aux besoins de nos clients en mati\u00e8re de maintenance et d&#8217;intervention, adapt\u00e9s \u00e0 leur budget et [&hellip;]<\/p>\n","protected":false},"author":1,"featured_media":98,"parent":0,"menu_order":0,"comment_status":"closed","ping_status":"closed","template":"","meta":{"_eb_attr":"","footnotes":""},"class_list":["post-61","page","type-page","status-publish","has-post-thumbnail","hentry"],"yoast_head":"<!-- This site is optimized with the Yoast SEO plugin v20.8 - https:\/\/yoast.com\/wordpress\/plugins\/seo\/ -->\n<title>Microsoft365 - nonamecompany<\/title>\n<meta name=\"robots\" content=\"index, follow, max-snippet:-1, max-image-preview:large, max-video-preview:-1\" \/>\n<link rel=\"canonical\" href=\"https:\/\/www.nonamecompany.net\/?page_id=61\" \/>\n<meta property=\"og:locale\" content=\"en_US\" \/>\n<meta property=\"og:type\" content=\"article\" \/>\n<meta property=\"og:title\" content=\"Microsoft365 - nonamecompany\" \/>\n<meta property=\"og:description\" content=\"Chez NNC, nous proposons \u00e0 nos clients de g\u00e9rer leur infrastructure Microsoft 365 en leur fournissant un support complet pour l&#8217;ensemble de la suite Office et de SharePoint. Nous offrons \u00e9galement des forfaits de support en option pour r\u00e9pondre aux besoins de nos clients en mati\u00e8re de maintenance et d&#8217;intervention, adapt\u00e9s \u00e0 leur budget et [&hellip;]\" \/>\n<meta property=\"og:url\" content=\"https:\/\/www.nonamecompany.net\/?page_id=61\" \/>\n<meta property=\"og:site_name\" content=\"nonamecompany\" \/>\n<meta property=\"article:modified_time\" content=\"2023-05-11T08:26:34+00:00\" \/>\n<meta property=\"og:image\" content=\"https:\/\/www.nonamecompany.net\/wp-content\/uploads\/2023\/05\/service_microsoft.png\" \/>\n\t<meta property=\"og:image:width\" content=\"1920\" \/>\n\t<meta property=\"og:image:height\" content=\"720\" \/>\n\t<meta property=\"og:image:type\" content=\"image\/png\" \/>\n<meta name=\"twitter:card\" content=\"summary_large_image\" \/>\n<meta name=\"twitter:label1\" content=\"Est. reading time\" \/>\n\t<meta name=\"twitter:data1\" content=\"1 minute\" \/>\n<script type=\"application\/ld+json\" class=\"yoast-schema-graph\">{\"@context\":\"https:\/\/schema.org\",\"@graph\":[{\"@type\":\"WebPage\",\"@id\":\"https:\/\/www.nonamecompany.net\/?page_id=61\",\"url\":\"https:\/\/www.nonamecompany.net\/?page_id=61\",\"name\":\"Microsoft365 - nonamecompany\",\"isPartOf\":{\"@id\":\"https:\/\/www.nonamecompany.net\/#website\"},\"datePublished\":\"2023-05-10T01:11:11+00:00\",\"dateModified\":\"2023-05-11T08:26:34+00:00\",\"breadcrumb\":{\"@id\":\"https:\/\/www.nonamecompany.net\/?page_id=61#breadcrumb\"},\"inLanguage\":\"en-US\",\"potentialAction\":[{\"@type\":\"ReadAction\",\"target\":[\"https:\/\/www.nonamecompany.net\/?page_id=61\"]}]},{\"@type\":\"BreadcrumbList\",\"@id\":\"https:\/\/www.nonamecompany.net\/?page_id=61#breadcrumb\",\"itemListElement\":[{\"@type\":\"ListItem\",\"position\":1,\"name\":\"Home\",\"item\":\"https:\/\/www.nonamecompany.net\/\"},{\"@type\":\"ListItem\",\"position\":2,\"name\":\"Microsoft365\"}]},{\"@type\":\"WebSite\",\"@id\":\"https:\/\/www.nonamecompany.net\/#website\",\"url\":\"https:\/\/www.nonamecompany.net\/\",\"name\":\"Services IT et d\u00e9veloppement applicatif\",\"description\":\"Service Informatique - IT - D\u00e9veloppement - Hosting - Consulting\",\"publisher\":{\"@id\":\"https:\/\/www.nonamecompany.net\/#organization\"},\"potentialAction\":[{\"@type\":\"SearchAction\",\"target\":{\"@type\":\"EntryPoint\",\"urlTemplate\":\"https:\/\/www.nonamecompany.net\/?s={search_term_string}\"},\"query-input\":\"required name=search_term_string\"}],\"inLanguage\":\"en-US\"},{\"@type\":\"Organization\",\"@id\":\"https:\/\/www.nonamecompany.net\/#organization\",\"name\":\"no name company\",\"url\":\"https:\/\/www.nonamecompany.net\/\",\"logo\":{\"@type\":\"ImageObject\",\"inLanguage\":\"en-US\",\"@id\":\"https:\/\/www.nonamecompany.net\/#\/schema\/logo\/image\/\",\"url\":\"https:\/\/www.nonamecompany.net\/wp-content\/uploads\/2023\/05\/logo.png\",\"contentUrl\":\"https:\/\/www.nonamecompany.net\/wp-content\/uploads\/2023\/05\/logo.png\",\"width\":401,\"height\":242,\"caption\":\"no name company\"},\"image\":{\"@id\":\"https:\/\/www.nonamecompany.net\/#\/schema\/logo\/image\/\"},\"sameAs\":[\"https:\/\/www.linkedin.com\/company\/nonamecompany-group\/\"]}]}<\/script>\n<!-- \/ Yoast SEO plugin. -->","yoast_head_json":{"title":"Microsoft365 - nonamecompany","robots":{"index":"index","follow":"follow","max-snippet":"max-snippet:-1","max-image-preview":"max-image-preview:large","max-video-preview":"max-video-preview:-1"},"canonical":"https:\/\/www.nonamecompany.net\/?page_id=61","og_locale":"en_US","og_type":"article","og_title":"Microsoft365 - nonamecompany","og_description":"Chez NNC, nous proposons \u00e0 nos clients de g\u00e9rer leur infrastructure Microsoft 365 en leur fournissant un support complet pour l&#8217;ensemble de la suite Office et de SharePoint. Nous offrons \u00e9galement des forfaits de support en option pour r\u00e9pondre aux besoins de nos clients en mati\u00e8re de maintenance et d&#8217;intervention, adapt\u00e9s \u00e0 leur budget et [&hellip;]","og_url":"https:\/\/www.nonamecompany.net\/?page_id=61","og_site_name":"nonamecompany","article_modified_time":"2023-05-11T08:26:34+00:00","og_image":[{"width":1920,"height":720,"url":"https:\/\/www.nonamecompany.net\/wp-content\/uploads\/2023\/05\/service_microsoft.png","type":"image\/png"}],"twitter_card":"summary_large_image","twitter_misc":{"Est. reading time":"1 minute"},"schema":{"@context":"https:\/\/schema.org","@graph":[{"@type":"WebPage","@id":"https:\/\/www.nonamecompany.net\/?page_id=61","url":"https:\/\/www.nonamecompany.net\/?page_id=61","name":"Microsoft365 - nonamecompany","isPartOf":{"@id":"https:\/\/www.nonamecompany.net\/#website"},"datePublished":"2023-05-10T01:11:11+00:00","dateModified":"2023-05-11T08:26:34+00:00","breadcrumb":{"@id":"https:\/\/www.nonamecompany.net\/?page_id=61#breadcrumb"},"inLanguage":"en-US","potentialAction":[{"@type":"ReadAction","target":["https:\/\/www.nonamecompany.net\/?page_id=61"]}]},{"@type":"BreadcrumbList","@id":"https:\/\/www.nonamecompany.net\/?page_id=61#breadcrumb","itemListElement":[{"@type":"ListItem","position":1,"name":"Home","item":"https:\/\/www.nonamecompany.net\/"},{"@type":"ListItem","position":2,"name":"Microsoft365"}]},{"@type":"WebSite","@id":"https:\/\/www.nonamecompany.net\/#website","url":"https:\/\/www.nonamecompany.net\/","name":"Services IT et d\u00e9veloppement applicatif","description":"Service Informatique - IT - D\u00e9veloppement - Hosting - Consulting","publisher":{"@id":"https:\/\/www.nonamecompany.net\/#organization"},"potentialAction":[{"@type":"SearchAction","target":{"@type":"EntryPoint","urlTemplate":"https:\/\/www.nonamecompany.net\/?s={search_term_string}"},"query-input":"required name=search_term_string"}],"inLanguage":"en-US"},{"@type":"Organization","@id":"https:\/\/www.nonamecompany.net\/#organization","name":"no name company","url":"https:\/\/www.nonamecompany.net\/","logo":{"@type":"ImageObject","inLanguage":"en-US","@id":"https:\/\/www.nonamecompany.net\/#\/schema\/logo\/image\/","url":"https:\/\/www.nonamecompany.net\/wp-content\/uploads\/2023\/05\/logo.png","contentUrl":"https:\/\/www.nonamecompany.net\/wp-content\/uploads\/2023\/05\/logo.png","width":401,"height":242,"caption":"no name company"},"image":{"@id":"https:\/\/www.nonamecompany.net\/#\/schema\/logo\/image\/"},"sameAs":["https:\/\/www.linkedin.com\/company\/nonamecompany-group\/"]}]}},"_links":{"self":[{"href":"https:\/\/www.nonamecompany.net\/index.php?rest_route=\/wp\/v2\/pages\/61","targetHints":{"allow":["GET"]}}],"collection":[{"href":"https:\/\/www.nonamecompany.net\/index.php?rest_route=\/wp\/v2\/pages"}],"about":[{"href":"https:\/\/www.nonamecompany.net\/index.php?rest_route=\/wp\/v2\/types\/page"}],"author":[{"embeddable":true,"href":"https:\/\/www.nonamecompany.net\/index.php?rest_route=\/wp\/v2\/users\/1"}],"replies":[{"embeddable":true,"href":"https:\/\/www.nonamecompany.net\/index.php?rest_route=%2Fwp%2Fv2%2Fcomments&post=61"}],"version-history":[{"count":1,"href":"https:\/\/www.nonamecompany.net\/index.php?rest_route=\/wp\/v2\/pages\/61\/revisions"}],"predecessor-version":[{"id":62,"href":"https:\/\/www.nonamecompany.net\/index.php?rest_route=\/wp\/v2\/pages\/61\/revisions\/62"}],"wp:featuredmedia":[{"embeddable":true,"href":"https:\/\/www.nonamecompany.net\/index.php?rest_route=\/wp\/v2\/media\/98"}],"wp:attachment":[{"href":"https:\/\/www.nonamecompany.net\/index.php?rest_route=%2Fwp%2Fv2%2Fmedia&parent=61"}],"curies":[{"name":"wp","href":"https:\/\/api.w.org\/{rel}","templated":true}]}}