{"id":65,"date":"2023-05-10T01:21:23","date_gmt":"2023-05-10T01:21:23","guid":{"rendered":"https:\/\/nonamecompany.net\/?page_id=65"},"modified":"2023-05-11T08:23:33","modified_gmt":"2023-05-11T08:23:33","slug":"developpement-dapplication-mobile","status":"publish","type":"page","link":"https:\/\/www.nonamecompany.net\/?page_id=65","title":{"rendered":"D\u00e9veloppement d&#8217;application mobile"},"content":{"rendered":"\n<p>Nous offrons un service de d\u00e9veloppement d&#8217;applications mobiles personnalis\u00e9es pour r\u00e9pondre \u00e0 vos besoins sp\u00e9cifiques. Que ce soit pour Android ou iOS, notre \u00e9quipe de d\u00e9veloppeurs exp\u00e9riment\u00e9s peut cr\u00e9er des applications mobiles natives, hybrides ou web pour vous.<\/p>\n\n\n\n<h3 class=\"wp-block-heading\">Avantages de notre service de d\u00e9veloppement d&#8217;applications mobiles :<\/h3>\n\n\n\n<ul class=\"wp-block-list\">\n<li>Conception personnalis\u00e9e pour votre entreprise<\/li>\n\n\n\n<li>Fonctionnalit\u00e9s et interfaces utilisateur optimis\u00e9es pour les utilisateurs mobiles<\/li>\n\n\n\n<li>Int\u00e9gration de la s\u00e9curit\u00e9 et de la confidentialit\u00e9 pour prot\u00e9ger vos donn\u00e9es<\/li>\n\n\n\n<li>Tests rigoureux pour garantir la qualit\u00e9 de l&#8217;application<\/li>\n\n\n\n<li>Assistance apr\u00e8s-vente pour r\u00e9soudre tous les probl\u00e8mes techniques ou de maintenance<\/li>\n<\/ul>\n\n\n\n<h3 class=\"wp-block-heading\">Nos comp\u00e9tences en d\u00e9veloppement d&#8217;applications mobiles :<\/h3>\n\n\n\n<ul class=\"wp-block-list\">\n<li>Langages de programmation : Flutter, Swift, Objective-C, Kotlin, Java, HTML5, CSS3, JavaScript, etc.<\/li>\n\n\n\n<li>Int\u00e9gration de services tiers : Google Maps, Firebase, AWS, etc.<\/li>\n\n\n\n<li>D\u00e9veloppement d&#8217;applications hybrides et natives<\/li>\n\n\n\n<li>Gestion de la publication de l&#8217;application sur les diff\u00e9rents stores (Google Play, App Store, etc.)<\/li>\n<\/ul>\n\n\n\n<p>Contactez-nous d\u00e8s maintenant pour discuter de votre projet de d\u00e9veloppement d&#8217;applications mobiles et obtenir un devis gratuit.<\/p>\n","protected":false},"excerpt":{"rendered":"<p>Nous offrons un service de d\u00e9veloppement d&#8217;applications mobiles personnalis\u00e9es pour r\u00e9pondre \u00e0 vos besoins sp\u00e9cifiques. Que ce soit pour Android ou iOS, notre \u00e9quipe de d\u00e9veloppeurs exp\u00e9riment\u00e9s peut cr\u00e9er des applications mobiles natives, hybrides ou web pour vous. Avantages de notre service de d\u00e9veloppement d&#8217;applications mobiles : Nos comp\u00e9tences en d\u00e9veloppement d&#8217;applications mobiles : Contactez-nous [&hellip;]<\/p>\n","protected":false},"author":1,"featured_media":100,"parent":0,"menu_order":0,"comment_status":"closed","ping_status":"closed","template":"","meta":{"_eb_attr":"","footnotes":""},"class_list":["post-65","page","type-page","status-publish","has-post-thumbnail","hentry"],"yoast_head":"<!-- This site is optimized with the Yoast SEO plugin v20.8 - https:\/\/yoast.com\/wordpress\/plugins\/seo\/ -->\n<title>D\u00e9veloppement d&#039;application mobile - nonamecompany<\/title>\n<meta name=\"robots\" content=\"index, follow, max-snippet:-1, max-image-preview:large, max-video-preview:-1\" \/>\n<link rel=\"canonical\" href=\"https:\/\/www.nonamecompany.net\/?page_id=65\" \/>\n<meta property=\"og:locale\" content=\"en_US\" \/>\n<meta property=\"og:type\" content=\"article\" \/>\n<meta property=\"og:title\" content=\"D\u00e9veloppement d&#039;application mobile - nonamecompany\" \/>\n<meta property=\"og:description\" content=\"Nous offrons un service de d\u00e9veloppement d&#8217;applications mobiles personnalis\u00e9es pour r\u00e9pondre \u00e0 vos besoins sp\u00e9cifiques. Que ce soit pour Android ou iOS, notre \u00e9quipe de d\u00e9veloppeurs exp\u00e9riment\u00e9s peut cr\u00e9er des applications mobiles natives, hybrides ou web pour vous. Avantages de notre service de d\u00e9veloppement d&#8217;applications mobiles : Nos comp\u00e9tences en d\u00e9veloppement d&#8217;applications mobiles : Contactez-nous [&hellip;]\" \/>\n<meta property=\"og:url\" content=\"https:\/\/www.nonamecompany.net\/?page_id=65\" \/>\n<meta property=\"og:site_name\" content=\"nonamecompany\" \/>\n<meta property=\"article:modified_time\" content=\"2023-05-11T08:23:33+00:00\" \/>\n<meta property=\"og:image\" content=\"https:\/\/www.nonamecompany.net\/wp-content\/uploads\/2023\/05\/mobile_dev_service-scaled.jpg\" \/>\n\t<meta property=\"og:image:width\" content=\"2560\" \/>\n\t<meta property=\"og:image:height\" content=\"1709\" \/>\n\t<meta property=\"og:image:type\" content=\"image\/jpeg\" \/>\n<meta name=\"twitter:card\" content=\"summary_large_image\" \/>\n<meta name=\"twitter:label1\" content=\"Est. reading time\" \/>\n\t<meta name=\"twitter:data1\" content=\"1 minute\" \/>\n<script type=\"application\/ld+json\" class=\"yoast-schema-graph\">{\"@context\":\"https:\/\/schema.org\",\"@graph\":[{\"@type\":\"WebPage\",\"@id\":\"https:\/\/www.nonamecompany.net\/?page_id=65\",\"url\":\"https:\/\/www.nonamecompany.net\/?page_id=65\",\"name\":\"D\u00e9veloppement d'application mobile - nonamecompany\",\"isPartOf\":{\"@id\":\"https:\/\/www.nonamecompany.net\/#website\"},\"datePublished\":\"2023-05-10T01:21:23+00:00\",\"dateModified\":\"2023-05-11T08:23:33+00:00\",\"breadcrumb\":{\"@id\":\"https:\/\/www.nonamecompany.net\/?page_id=65#breadcrumb\"},\"inLanguage\":\"en-US\",\"potentialAction\":[{\"@type\":\"ReadAction\",\"target\":[\"https:\/\/www.nonamecompany.net\/?page_id=65\"]}]},{\"@type\":\"BreadcrumbList\",\"@id\":\"https:\/\/www.nonamecompany.net\/?page_id=65#breadcrumb\",\"itemListElement\":[{\"@type\":\"ListItem\",\"position\":1,\"name\":\"Home\",\"item\":\"https:\/\/www.nonamecompany.net\/\"},{\"@type\":\"ListItem\",\"position\":2,\"name\":\"D\u00e9veloppement d&#8217;application mobile\"}]},{\"@type\":\"WebSite\",\"@id\":\"https:\/\/www.nonamecompany.net\/#website\",\"url\":\"https:\/\/www.nonamecompany.net\/\",\"name\":\"Services IT et d\u00e9veloppement applicatif\",\"description\":\"Service Informatique - IT - D\u00e9veloppement - Hosting - Consulting\",\"publisher\":{\"@id\":\"https:\/\/www.nonamecompany.net\/#organization\"},\"potentialAction\":[{\"@type\":\"SearchAction\",\"target\":{\"@type\":\"EntryPoint\",\"urlTemplate\":\"https:\/\/www.nonamecompany.net\/?s={search_term_string}\"},\"query-input\":\"required name=search_term_string\"}],\"inLanguage\":\"en-US\"},{\"@type\":\"Organization\",\"@id\":\"https:\/\/www.nonamecompany.net\/#organization\",\"name\":\"no name company\",\"url\":\"https:\/\/www.nonamecompany.net\/\",\"logo\":{\"@type\":\"ImageObject\",\"inLanguage\":\"en-US\",\"@id\":\"https:\/\/www.nonamecompany.net\/#\/schema\/logo\/image\/\",\"url\":\"https:\/\/www.nonamecompany.net\/wp-content\/uploads\/2023\/05\/logo.png\",\"contentUrl\":\"https:\/\/www.nonamecompany.net\/wp-content\/uploads\/2023\/05\/logo.png\",\"width\":401,\"height\":242,\"caption\":\"no name company\"},\"image\":{\"@id\":\"https:\/\/www.nonamecompany.net\/#\/schema\/logo\/image\/\"},\"sameAs\":[\"https:\/\/www.linkedin.com\/company\/nonamecompany-group\/\"]}]}<\/script>\n<!-- \/ Yoast SEO plugin. -->","yoast_head_json":{"title":"D\u00e9veloppement d'application mobile - nonamecompany","robots":{"index":"index","follow":"follow","max-snippet":"max-snippet:-1","max-image-preview":"max-image-preview:large","max-video-preview":"max-video-preview:-1"},"canonical":"https:\/\/www.nonamecompany.net\/?page_id=65","og_locale":"en_US","og_type":"article","og_title":"D\u00e9veloppement d'application mobile - nonamecompany","og_description":"Nous offrons un service de d\u00e9veloppement d&#8217;applications mobiles personnalis\u00e9es pour r\u00e9pondre \u00e0 vos besoins sp\u00e9cifiques. Que ce soit pour Android ou iOS, notre \u00e9quipe de d\u00e9veloppeurs exp\u00e9riment\u00e9s peut cr\u00e9er des applications mobiles natives, hybrides ou web pour vous. Avantages de notre service de d\u00e9veloppement d&#8217;applications mobiles : Nos comp\u00e9tences en d\u00e9veloppement d&#8217;applications mobiles : Contactez-nous [&hellip;]","og_url":"https:\/\/www.nonamecompany.net\/?page_id=65","og_site_name":"nonamecompany","article_modified_time":"2023-05-11T08:23:33+00:00","og_image":[{"width":2560,"height":1709,"url":"https:\/\/www.nonamecompany.net\/wp-content\/uploads\/2023\/05\/mobile_dev_service-scaled.jpg","type":"image\/jpeg"}],"twitter_card":"summary_large_image","twitter_misc":{"Est. reading time":"1 minute"},"schema":{"@context":"https:\/\/schema.org","@graph":[{"@type":"WebPage","@id":"https:\/\/www.nonamecompany.net\/?page_id=65","url":"https:\/\/www.nonamecompany.net\/?page_id=65","name":"D\u00e9veloppement d'application mobile - nonamecompany","isPartOf":{"@id":"https:\/\/www.nonamecompany.net\/#website"},"datePublished":"2023-05-10T01:21:23+00:00","dateModified":"2023-05-11T08:23:33+00:00","breadcrumb":{"@id":"https:\/\/www.nonamecompany.net\/?page_id=65#breadcrumb"},"inLanguage":"en-US","potentialAction":[{"@type":"ReadAction","target":["https:\/\/www.nonamecompany.net\/?page_id=65"]}]},{"@type":"BreadcrumbList","@id":"https:\/\/www.nonamecompany.net\/?page_id=65#breadcrumb","itemListElement":[{"@type":"ListItem","position":1,"name":"Home","item":"https:\/\/www.nonamecompany.net\/"},{"@type":"ListItem","position":2,"name":"D\u00e9veloppement d&#8217;application mobile"}]},{"@type":"WebSite","@id":"https:\/\/www.nonamecompany.net\/#website","url":"https:\/\/www.nonamecompany.net\/","name":"Services IT et d\u00e9veloppement applicatif","description":"Service Informatique - IT - D\u00e9veloppement - Hosting - Consulting","publisher":{"@id":"https:\/\/www.nonamecompany.net\/#organization"},"potentialAction":[{"@type":"SearchAction","target":{"@type":"EntryPoint","urlTemplate":"https:\/\/www.nonamecompany.net\/?s={search_term_string}"},"query-input":"required name=search_term_string"}],"inLanguage":"en-US"},{"@type":"Organization","@id":"https:\/\/www.nonamecompany.net\/#organization","name":"no name company","url":"https:\/\/www.nonamecompany.net\/","logo":{"@type":"ImageObject","inLanguage":"en-US","@id":"https:\/\/www.nonamecompany.net\/#\/schema\/logo\/image\/","url":"https:\/\/www.nonamecompany.net\/wp-content\/uploads\/2023\/05\/logo.png","contentUrl":"https:\/\/www.nonamecompany.net\/wp-content\/uploads\/2023\/05\/logo.png","width":401,"height":242,"caption":"no name company"},"image":{"@id":"https:\/\/www.nonamecompany.net\/#\/schema\/logo\/image\/"},"sameAs":["https:\/\/www.linkedin.com\/company\/nonamecompany-group\/"]}]}},"_links":{"self":[{"href":"https:\/\/www.nonamecompany.net\/index.php?rest_route=\/wp\/v2\/pages\/65","targetHints":{"allow":["GET"]}}],"collection":[{"href":"https:\/\/www.nonamecompany.net\/index.php?rest_route=\/wp\/v2\/pages"}],"about":[{"href":"https:\/\/www.nonamecompany.net\/index.php?rest_route=\/wp\/v2\/types\/page"}],"author":[{"embeddable":true,"href":"https:\/\/www.nonamecompany.net\/index.php?rest_route=\/wp\/v2\/users\/1"}],"replies":[{"embeddable":true,"href":"https:\/\/www.nonamecompany.net\/index.php?rest_route=%2Fwp%2Fv2%2Fcomments&post=65"}],"version-history":[{"count":3,"href":"https:\/\/www.nonamecompany.net\/index.php?rest_route=\/wp\/v2\/pages\/65\/revisions"}],"predecessor-version":[{"id":107,"href":"https:\/\/www.nonamecompany.net\/index.php?rest_route=\/wp\/v2\/pages\/65\/revisions\/107"}],"wp:featuredmedia":[{"embeddable":true,"href":"https:\/\/www.nonamecompany.net\/index.php?rest_route=\/wp\/v2\/media\/100"}],"wp:attachment":[{"href":"https:\/\/www.nonamecompany.net\/index.php?rest_route=%2Fwp%2Fv2%2Fmedia&parent=65"}],"curies":[{"name":"wp","href":"https:\/\/api.w.org\/{rel}","templated":true}]}}