{"id":80,"date":"2023-05-10T03:23:32","date_gmt":"2023-05-10T03:23:32","guid":{"rendered":"https:\/\/nonamecompany.net\/?page_id=80"},"modified":"2023-05-11T08:25:51","modified_gmt":"2023-05-11T08:25:51","slug":"gestion-dinfrastructure","status":"publish","type":"page","link":"https:\/\/www.nonamecompany.net\/?page_id=80","title":{"rendered":"Gestion d&#8217;infrastructure"},"content":{"rendered":"\n<p>Nous offrons une gamme compl\u00e8te de services d&#8217;infrastructure IT pour r\u00e9pondre \u00e0 vos besoins d&#8217;entreprise. Notre \u00e9quipe exp\u00e9riment\u00e9e peut g\u00e9rer votre infrastructure informatique, y compris les r\u00e9seaux, les serveurs, les ordinateurs, les applications et les services en ligne, pour que vous puissiez vous concentrer sur votre entreprise.<\/p>\n\n\n\n<h4 class=\"wp-block-heading\">Nos services d&#8217;infrastructure IT comprennent :<\/h4>\n\n\n\n<ul class=\"wp-block-list\">\n<li><strong>Microsoft et Active Directory :<\/strong> notre \u00e9quipe peut g\u00e9rer votre environnement Active Directory et assurer le suivi de la s\u00e9curit\u00e9 et des mises \u00e0 jour de vos serveurs Windows.<\/li>\n\n\n\n<li><strong>Microsoft 365 : <\/strong>nous pouvons g\u00e9rer votre infrastructure Microsoft 365 et garantir que vos utilisateurs ont acc\u00e8s aux outils dont ils ont besoin pour travailler efficacement.<\/li>\n\n\n\n<li><strong>Parc informatique MacOS :<\/strong> nous pouvons prendre en charge votre parc informatique MacOS et g\u00e9rer les mises \u00e0 jour, les sauvegardes et la s\u00e9curit\u00e9 de vos ordinateurs Apple.<\/li>\n\n\n\n<li><strong>Exchange :<\/strong> nous pouvons g\u00e9rer votre serveur de messagerie Exchange et assurer la continuit\u00e9 de vos e-mails.<\/li>\n\n\n\n<li><strong>Sharepoint et serveur de fichier :<\/strong> notre \u00e9quipe peut g\u00e9rer votre serveur de fichier et Sharepoint pour stocker et partager des fichiers en toute s\u00e9curit\u00e9.<\/li>\n\n\n\n<li><strong>Backup :<\/strong> nous pouvons vous aider \u00e0 prot\u00e9ger vos donn\u00e9es en effectuant des sauvegardes r\u00e9guli\u00e8res et en les stockant dans un endroit s\u00fbr.<\/li>\n\n\n\n<li><strong>VPN :<\/strong> nous pouvons mettre en place un r\u00e9seau priv\u00e9 virtuel (VPN) pour que vous puissiez acc\u00e9der \u00e0 votre infrastructure IT depuis n&#8217;importe o\u00f9 de mani\u00e8re s\u00e9curis\u00e9e.<\/li>\n<\/ul>\n\n\n\n<p>Contactez nous d\u00e8s maintenant pour discuter de vos besoins en mati\u00e8re d&#8217;infrastructure IT et obtenir un devis gratuit, ou pour connaitre d&#8217;autres services que nous avons.<\/p>\n","protected":false},"excerpt":{"rendered":"<p>Nous offrons une gamme compl\u00e8te de services d&#8217;infrastructure IT pour r\u00e9pondre \u00e0 vos besoins d&#8217;entreprise. Notre \u00e9quipe exp\u00e9riment\u00e9e peut g\u00e9rer votre infrastructure informatique, y compris les r\u00e9seaux, les serveurs, les ordinateurs, les applications et les services en ligne, pour que vous puissiez vous concentrer sur votre entreprise. Nos services d&#8217;infrastructure IT comprennent : Contactez nous [&hellip;]<\/p>\n","protected":false},"author":1,"featured_media":83,"parent":0,"menu_order":0,"comment_status":"closed","ping_status":"closed","template":"","meta":{"_eb_attr":"","footnotes":""},"class_list":["post-80","page","type-page","status-publish","has-post-thumbnail","hentry"],"yoast_head":"<!-- This site is optimized with the Yoast SEO plugin v20.8 - https:\/\/yoast.com\/wordpress\/plugins\/seo\/ -->\n<title>Gestion d&#039;infrastructure - nonamecompany<\/title>\n<meta name=\"robots\" content=\"index, follow, max-snippet:-1, max-image-preview:large, max-video-preview:-1\" \/>\n<link rel=\"canonical\" href=\"https:\/\/www.nonamecompany.net\/?page_id=80\" \/>\n<meta property=\"og:locale\" content=\"en_US\" \/>\n<meta property=\"og:type\" content=\"article\" \/>\n<meta property=\"og:title\" content=\"Gestion d&#039;infrastructure - nonamecompany\" \/>\n<meta property=\"og:description\" content=\"Nous offrons une gamme compl\u00e8te de services d&#8217;infrastructure IT pour r\u00e9pondre \u00e0 vos besoins d&#8217;entreprise. Notre \u00e9quipe exp\u00e9riment\u00e9e peut g\u00e9rer votre infrastructure informatique, y compris les r\u00e9seaux, les serveurs, les ordinateurs, les applications et les services en ligne, pour que vous puissiez vous concentrer sur votre entreprise. Nos services d&#8217;infrastructure IT comprennent : Contactez nous [&hellip;]\" \/>\n<meta property=\"og:url\" content=\"https:\/\/www.nonamecompany.net\/?page_id=80\" \/>\n<meta property=\"og:site_name\" content=\"nonamecompany\" \/>\n<meta property=\"article:modified_time\" content=\"2023-05-11T08:25:51+00:00\" \/>\n<meta property=\"og:image\" content=\"https:\/\/www.nonamecompany.net\/wp-content\/uploads\/2023\/05\/infra_it-scaled.jpg\" \/>\n\t<meta property=\"og:image:width\" content=\"2560\" \/>\n\t<meta property=\"og:image:height\" content=\"1707\" \/>\n\t<meta property=\"og:image:type\" content=\"image\/jpeg\" \/>\n<meta name=\"twitter:card\" content=\"summary_large_image\" \/>\n<meta name=\"twitter:label1\" content=\"Est. reading time\" \/>\n\t<meta name=\"twitter:data1\" content=\"2 minutes\" \/>\n<script type=\"application\/ld+json\" class=\"yoast-schema-graph\">{\"@context\":\"https:\/\/schema.org\",\"@graph\":[{\"@type\":\"WebPage\",\"@id\":\"https:\/\/www.nonamecompany.net\/?page_id=80\",\"url\":\"https:\/\/www.nonamecompany.net\/?page_id=80\",\"name\":\"Gestion d'infrastructure - nonamecompany\",\"isPartOf\":{\"@id\":\"https:\/\/www.nonamecompany.net\/#website\"},\"datePublished\":\"2023-05-10T03:23:32+00:00\",\"dateModified\":\"2023-05-11T08:25:51+00:00\",\"breadcrumb\":{\"@id\":\"https:\/\/www.nonamecompany.net\/?page_id=80#breadcrumb\"},\"inLanguage\":\"en-US\",\"potentialAction\":[{\"@type\":\"ReadAction\",\"target\":[\"https:\/\/www.nonamecompany.net\/?page_id=80\"]}]},{\"@type\":\"BreadcrumbList\",\"@id\":\"https:\/\/www.nonamecompany.net\/?page_id=80#breadcrumb\",\"itemListElement\":[{\"@type\":\"ListItem\",\"position\":1,\"name\":\"Home\",\"item\":\"https:\/\/www.nonamecompany.net\/\"},{\"@type\":\"ListItem\",\"position\":2,\"name\":\"Gestion d&#8217;infrastructure\"}]},{\"@type\":\"WebSite\",\"@id\":\"https:\/\/www.nonamecompany.net\/#website\",\"url\":\"https:\/\/www.nonamecompany.net\/\",\"name\":\"Services IT et d\u00e9veloppement applicatif\",\"description\":\"Service Informatique - IT - D\u00e9veloppement - Hosting - Consulting\",\"publisher\":{\"@id\":\"https:\/\/www.nonamecompany.net\/#organization\"},\"potentialAction\":[{\"@type\":\"SearchAction\",\"target\":{\"@type\":\"EntryPoint\",\"urlTemplate\":\"https:\/\/www.nonamecompany.net\/?s={search_term_string}\"},\"query-input\":\"required name=search_term_string\"}],\"inLanguage\":\"en-US\"},{\"@type\":\"Organization\",\"@id\":\"https:\/\/www.nonamecompany.net\/#organization\",\"name\":\"no name company\",\"url\":\"https:\/\/www.nonamecompany.net\/\",\"logo\":{\"@type\":\"ImageObject\",\"inLanguage\":\"en-US\",\"@id\":\"https:\/\/www.nonamecompany.net\/#\/schema\/logo\/image\/\",\"url\":\"https:\/\/www.nonamecompany.net\/wp-content\/uploads\/2023\/05\/logo.png\",\"contentUrl\":\"https:\/\/www.nonamecompany.net\/wp-content\/uploads\/2023\/05\/logo.png\",\"width\":401,\"height\":242,\"caption\":\"no name company\"},\"image\":{\"@id\":\"https:\/\/www.nonamecompany.net\/#\/schema\/logo\/image\/\"},\"sameAs\":[\"https:\/\/www.linkedin.com\/company\/nonamecompany-group\/\"]}]}<\/script>\n<!-- \/ Yoast SEO plugin. -->","yoast_head_json":{"title":"Gestion d'infrastructure - nonamecompany","robots":{"index":"index","follow":"follow","max-snippet":"max-snippet:-1","max-image-preview":"max-image-preview:large","max-video-preview":"max-video-preview:-1"},"canonical":"https:\/\/www.nonamecompany.net\/?page_id=80","og_locale":"en_US","og_type":"article","og_title":"Gestion d'infrastructure - nonamecompany","og_description":"Nous offrons une gamme compl\u00e8te de services d&#8217;infrastructure IT pour r\u00e9pondre \u00e0 vos besoins d&#8217;entreprise. Notre \u00e9quipe exp\u00e9riment\u00e9e peut g\u00e9rer votre infrastructure informatique, y compris les r\u00e9seaux, les serveurs, les ordinateurs, les applications et les services en ligne, pour que vous puissiez vous concentrer sur votre entreprise. Nos services d&#8217;infrastructure IT comprennent : Contactez nous [&hellip;]","og_url":"https:\/\/www.nonamecompany.net\/?page_id=80","og_site_name":"nonamecompany","article_modified_time":"2023-05-11T08:25:51+00:00","og_image":[{"width":2560,"height":1707,"url":"https:\/\/www.nonamecompany.net\/wp-content\/uploads\/2023\/05\/infra_it-scaled.jpg","type":"image\/jpeg"}],"twitter_card":"summary_large_image","twitter_misc":{"Est. reading time":"2 minutes"},"schema":{"@context":"https:\/\/schema.org","@graph":[{"@type":"WebPage","@id":"https:\/\/www.nonamecompany.net\/?page_id=80","url":"https:\/\/www.nonamecompany.net\/?page_id=80","name":"Gestion d'infrastructure - nonamecompany","isPartOf":{"@id":"https:\/\/www.nonamecompany.net\/#website"},"datePublished":"2023-05-10T03:23:32+00:00","dateModified":"2023-05-11T08:25:51+00:00","breadcrumb":{"@id":"https:\/\/www.nonamecompany.net\/?page_id=80#breadcrumb"},"inLanguage":"en-US","potentialAction":[{"@type":"ReadAction","target":["https:\/\/www.nonamecompany.net\/?page_id=80"]}]},{"@type":"BreadcrumbList","@id":"https:\/\/www.nonamecompany.net\/?page_id=80#breadcrumb","itemListElement":[{"@type":"ListItem","position":1,"name":"Home","item":"https:\/\/www.nonamecompany.net\/"},{"@type":"ListItem","position":2,"name":"Gestion d&#8217;infrastructure"}]},{"@type":"WebSite","@id":"https:\/\/www.nonamecompany.net\/#website","url":"https:\/\/www.nonamecompany.net\/","name":"Services IT et d\u00e9veloppement applicatif","description":"Service Informatique - IT - D\u00e9veloppement - Hosting - Consulting","publisher":{"@id":"https:\/\/www.nonamecompany.net\/#organization"},"potentialAction":[{"@type":"SearchAction","target":{"@type":"EntryPoint","urlTemplate":"https:\/\/www.nonamecompany.net\/?s={search_term_string}"},"query-input":"required name=search_term_string"}],"inLanguage":"en-US"},{"@type":"Organization","@id":"https:\/\/www.nonamecompany.net\/#organization","name":"no name company","url":"https:\/\/www.nonamecompany.net\/","logo":{"@type":"ImageObject","inLanguage":"en-US","@id":"https:\/\/www.nonamecompany.net\/#\/schema\/logo\/image\/","url":"https:\/\/www.nonamecompany.net\/wp-content\/uploads\/2023\/05\/logo.png","contentUrl":"https:\/\/www.nonamecompany.net\/wp-content\/uploads\/2023\/05\/logo.png","width":401,"height":242,"caption":"no name company"},"image":{"@id":"https:\/\/www.nonamecompany.net\/#\/schema\/logo\/image\/"},"sameAs":["https:\/\/www.linkedin.com\/company\/nonamecompany-group\/"]}]}},"_links":{"self":[{"href":"https:\/\/www.nonamecompany.net\/index.php?rest_route=\/wp\/v2\/pages\/80","targetHints":{"allow":["GET"]}}],"collection":[{"href":"https:\/\/www.nonamecompany.net\/index.php?rest_route=\/wp\/v2\/pages"}],"about":[{"href":"https:\/\/www.nonamecompany.net\/index.php?rest_route=\/wp\/v2\/types\/page"}],"author":[{"embeddable":true,"href":"https:\/\/www.nonamecompany.net\/index.php?rest_route=\/wp\/v2\/users\/1"}],"replies":[{"embeddable":true,"href":"https:\/\/www.nonamecompany.net\/index.php?rest_route=%2Fwp%2Fv2%2Fcomments&post=80"}],"version-history":[{"count":4,"href":"https:\/\/www.nonamecompany.net\/index.php?rest_route=\/wp\/v2\/pages\/80\/revisions"}],"predecessor-version":[{"id":111,"href":"https:\/\/www.nonamecompany.net\/index.php?rest_route=\/wp\/v2\/pages\/80\/revisions\/111"}],"wp:featuredmedia":[{"embeddable":true,"href":"https:\/\/www.nonamecompany.net\/index.php?rest_route=\/wp\/v2\/media\/83"}],"wp:attachment":[{"href":"https:\/\/www.nonamecompany.net\/index.php?rest_route=%2Fwp%2Fv2%2Fmedia&parent=80"}],"curies":[{"name":"wp","href":"https:\/\/api.w.org\/{rel}","templated":true}]}}